{"id":5847,"date":"2020-05-02T14:53:39","date_gmt":"2020-05-02T13:53:39","guid":{"rendered":"https:\/\/worldinternationalschool.com\/?page_id=5847"},"modified":"2020-05-02T14:53:42","modified_gmt":"2020-05-02T13:53:42","slug":"informativa-newsletter","status":"publish","type":"page","link":"https:\/\/worldinternationalschool.com\/en\/informativa-newsletter\/","title":{"rendered":"Informativa newsletter"},"content":{"rendered":"<p>[et_pb_section fb_built=&#8221;1&#8243; _builder_version=&#8221;4.4.5&#8243;][et_pb_row _builder_version=&#8221;4.4.5&#8243;][et_pb_column type=&#8221;4_4&#8243; _builder_version=&#8221;4.4.5&#8243;][et_pb_text admin_label=&#8221;Informativa newsletter&#8221; _builder_version=&#8221;4.4.5&#8243;]<strong><u>INFORMATIVA SUL TRATTAMENTO DEI DATI PERSONALI<\/u><\/strong><\/p>\n<p><strong><u>NEWSLETTER<\/u><\/strong><\/p>\n<p>World International School S.r.l. a socio unico (di seguito WINS o il Titolare) rilascia le seguenti informazioni ai sensi dell\u2019art. 13 Regolamento UE n. 2016\/679 del 27 aprile 2016 (di seguito GDPR), per descrivere le caratteristiche dei trattamenti svolti in relazione ai Suoi dati personali e le misure adottate al fine di tutelarne i diritti.<\/p>\n<p><strong>Titolare del trattamento<\/strong><\/p>\n<p>Titolare del trattamento \u00e8 World International School S.r.l. a socio unico (P.IVA 09284580967) con sede in Via Michelangelo Buonarroti n. 39, 20145 Milano\u00a0\u2013 Contatti: Tel. +39 011 1972111 | Fax +39 011 1972150 |E-mail:\u00a0<a href=\"mailto:info@worldinternationalschool.com\">info@worldinternationalschool.com<\/a><\/p>\n<p><strong>Responsabile della protezione dei dati<\/strong><\/p>\n<p>WINS ha nominato un Responsabile per la Protezione dei Dati Personali che potr\u00e0 contattare qualora avesse domande o dubbi sulle caratteristiche e modalit\u00e0 del trattamento. Il DPO \u00e8 reperibile ai seguenti recapiti: dpowins<a href=\"mailto:@worldinternationalschool.com\">@worldinternationalschool.com<\/a>; <a href=\"mailto:dpo_wins@pec.it\">dpo_wins@pec.it<\/a><\/p>\n<p><strong>Dati oggetto di trattamento<\/strong><\/p>\n<p>WINS raccoglie essenzialmente i seguenti dati personali:<\/p>\n<ul>\n<li><em>dati anagrafici<\/em><\/li>\n<li><em>dati di contatto <\/em><\/li>\n<\/ul>\n<p><strong>Finalit\u00e0 del trattamento e tempo di conservazione<\/strong><\/p>\n<p>I dati personali verranno trattati, per dare seguito ad una Sua richiesta di ricevere la newsletter informativa. Questi dati verranno conservati fino alla revoca del consenso e comunque per un periodo di tempo non superiore a 24 mesi.<strong>\u00a0<\/strong><\/p>\n<p><strong>Perch\u00e9 il trattamento che svolgiamo \u00e8 lecito<\/strong><\/p>\n<p>Il trattamento \u00e8 lecito poich\u00e9 \u00e8 fondato sulla seguente base giuridica:<\/p>\n<ul>\n<li>Consenso dell\u2019Interessato<\/li>\n<\/ul>\n<p><strong>Modalit\u00e0 del trattamento <\/strong><\/p>\n<p>I dati personali sono trattati sia in modalit\u00e0 cartacea che elettronica (server, database in cloud, software applicativi etc.).<\/p>\n<p>I dati personali potranno essere trasferiti in Paesi extra UE, il cui livello di protezione dei dati \u00e8 stato ritenuto adeguato dalla Commissione Europea ai sensi dell\u2019art. 45 del GDPR (Canada, USA).<\/p>\n<p><strong>Natura obbligatoria o facoltativa del conferimento dei dati <\/strong><\/p>\n<p>Il conferimento dei dati richiesto \u00e8 <u>facoltativo<\/u> e il mancato conferimento degli stessi impedir\u00e0 a WINS di inviare newsletter periodiche.<\/p>\n<p><strong>Categorie di soggetti ai quali i dati personali possono essere comunicati<\/strong><\/p>\n<p>Il trattamento dei dati personali fornitici potr\u00e0 essere effettuato, nel rispetto del principio della stretta indispensabilit\u00e0 dei trattamenti:<\/p>\n<ul>\n<li>dal personale dipendente di WINS, che agisce e tratta i dati sotto l\u2019autorit\u00e0 e le istruzioni del Titolare, a norma dell\u2019art. 29 del GDPR ovvero del personale dipendente designato dal Titolare, a norma dell\u2019art. 2 <em>quaterdecies<\/em> del D. Lgs. n. 101\/2018.<\/li>\n<li>Da persone fisiche o giuridiche la cui facolt\u00e0 di accedere ai Suoi dati personali sia riconosciuta da disposizioni di legge previste dal diritto dell\u2019Unione Europea o dalla legge italiana, quali, a titolo esemplificativo, autorit\u00e0 competenti e\/o organi di vigilanza per l\u2019espletamento degli obblighi di legge, e pubbliche Amministrazioni per i loro fini istituzionali.<\/li>\n<li>Da persone fisiche o giuridiche di cui il Titolare si avvale per lo svolgimento delle attivit\u00e0 strumentali al raggiungimento delle Finalit\u00e0 di cui sopra (a titolo meramente esemplificativo: fornitori di servizi informatici e di applicativi) o a cui WINS sia tenuta a comunicare i dati, in forza di obblighi legali o contrattuali. I fornitori di servizi nominati responsabili esterni dei dati saranno soggetti a obblighi contrattuali e normativi al fine di mantenere la riservatezza dei dati e avranno unicamente accesso a quelle informazioni necessarie per lo svolgimento delle proprie funzioni.<\/li>\n<\/ul>\n<p><strong>Diffusione dei dati<\/strong><\/p>\n<p>I dati trattati non saranno diffusi, venduti o scambiati con soggetti terzi.<\/p>\n<p><strong>Diritti dell\u2019Interessato<\/strong><\/p>\n<p>In relazione al trattamento dei dati personali, ai sensi del GDPR, l\u2019Interessato ha i seguenti diritti:<\/p>\n<ul>\n<li><strong>Diritto di accesso:<\/strong> ha diritto di ottenere una copia dei propri dati personali di cui WINS \u00e8 in possesso e che sono sottoposti a trattamento.<\/li>\n<li><strong>Diritto alla rettificazione<\/strong>: ha diritto di rettificare i dati personali conservati da WINS qualora non siano aggiornati o corretti.<\/li>\n<li><strong>Diritto di revocare<\/strong> un consenso prestato: pu\u00f2 inoltre revocare il consenso prestato per un determinato trattamento in qualsiasi momento.<\/li>\n<li><strong>Diritto a rivolgersi alla Autorit\u00e0 Garante per la protezione dei dati personali<\/strong>, qualora abbia dubbi sul trattamento dei dati personali operato da WINS.<\/li>\n<\/ul>\n<p>L\u2019Interessato pu\u00f2 inoltre esercitare i seguenti diritti al ricorrere di determinate circostanze:<\/p>\n<ul>\n<li><strong>Diritto alla cancellazione<\/strong>: pu\u00f2 chiedere che WINS cancelli i dati personali qualora siano cessati gli scopi del trattamento e non sussistano interessi legittimi o norme di legge che ne impongano la continuazione.<\/li>\n<li><strong>Diritto di opporsi ad un trattamento<\/strong>: pu\u00f2\u0300 chiedere che WINS cessi di svolgere un determinato trattamento dei dati personali. Non si applica il diritto di opposizione quando il trattamento dei dati si svolge su base contrattuale.<\/li>\n<li><strong>Diritto alla portabilit\u00e0 del dato<\/strong>: ha il diritto di ottenere una copia dei dati personali in un formato strutturato di uso comune e leggibile da dispositivo automatico e ha il diritto di ottenere la trasmissione diretta dei dati personali da un titolare all\u2019altro senza impedimenti.<\/li>\n<li><strong>Diritto di limitare il trattamento<\/strong>: ha il diritto di richiedere che WINS limiti le operazioni di trattamento sui propri dati personali.<\/li>\n<\/ul>\n<p>Per esercitare ciascuno dei citati diritti, l\u2019Interessato pu\u00f2 inviare una e-mail o scrivere al seguente indirizzo specificando la richiesta e fornendo a WINS le informazioni necessarie alla corretta identificazione del mittente (allegando anche una copia del Suo documento di identit\u00e0) ai seguenti recapiti:<\/p>\n<ul>\n<li>via e-mail: <a href=\"mailto:info@worldinternationalschool.com\">info@worldinternationalschool.com<\/a>.<\/li>\n<li>via posta: World International School S.r.l., Via Michelangelo Buonarroti n. 39, 20145 Milano.<\/li>\n<\/ul>\n<p>WINS risponder\u00e0 entro un mese. Se per qualche motivo WINS non riuscisse a rispondere, Le fornir\u00e0 una spiegazione dettagliata sul motivo per cui non pu\u00f2 soddisfare la Sua richiesta.<\/p>\n<p>La presente informativa potrebbe subire nel tempo delle modifiche o delle integrazioni, pertanto La invitiamo a consultare periodicamente il sito internet del Titolare &#8211; <a href=\"https:\/\/worldinternationalschool.com\/\">https:\/\/worldinternationalschool.com\/<\/a> &#8211; per rimanere costantemente aggiornato.<\/p>\n<p>Ultima versione: aprile 2020<br \/>\n[\/et_pb_text][\/et_pb_column][\/et_pb_row][\/et_pb_section]<\/p>\n","protected":false},"excerpt":{"rendered":"<p>INFORMATIVA SUL TRATTAMENTO DEI DATI PERSONALI NEWSLETTER World International School S.r.l. a socio unico (di seguito WINS o il Titolare) rilascia le seguenti informazioni ai sensi dell\u2019art. 13 Regolamento UE n. 2016\/679 del 27 aprile 2016 (di seguito GDPR), per descrivere le caratteristiche dei trattamenti svolti in relazione ai Suoi dati personali e le misure [&hellip;]<\/p>\n","protected":false},"author":13,"featured_media":0,"parent":0,"menu_order":220,"comment_status":"closed","ping_status":"closed","template":"","meta":{"_et_pb_use_builder":"on","_et_pb_old_content":"<p>[et_pb_section fb_built=\"1\" _builder_version=\"4.4.5\"][et_pb_row _builder_version=\"4.4.5\"][et_pb_column _builder_version=\"4.4.5\" type=\"4_4\"][et_pb_text _builder_version=\"4.4.5\" hover_enabled=\"0\" admin_label=\"Informativa newsletter\"]<\/p><p><strong><u>INFORMATIVA SUL TRATTAMENTO DEI DATI PERSONALI<\/u><\/strong><\/p><p><strong><u>NEWSLETTER<\/u><\/strong><\/p><p>World International School S.r.l. a socio unico (di seguito WINS o il Titolare) rilascia le seguenti informazioni ai sensi dell\u2019art. 13 Regolamento UE n. 2016\/679 del 27 aprile 2016 (di seguito GDPR), per descrivere le caratteristiche dei trattamenti svolti in relazione ai Suoi dati personali e le misure adottate al fine di tutelarne i diritti.<\/p><p><strong>Titolare del trattamento<\/strong><\/p><p>Titolare del trattamento \u00e8 World International School S.r.l. a socio unico (P.IVA 09284580967) con sede in Via Michelangelo Buonarroti n. 39, 20145 Milano\u00a0\u2013 Contatti: Tel. +39 011 1972111 | Fax +39 011 1972150 |E-mail:\u00a0<a href=\"mailto:info@worldinternationalschool.com\">info@worldinternationalschool.com<\/a><\/p><p><strong>Responsabile della protezione dei dati<\/strong><\/p><p>WINS ha nominato un Responsabile per la Protezione dei Dati Personali che potr\u00e0 contattare qualora avesse domande o dubbi sulle caratteristiche e modalit\u00e0 del trattamento. Il DPO \u00e8 reperibile ai seguenti recapiti: dpowins<a href=\"mailto:@worldinternationalschool.com\">@worldinternationalschool.com<\/a>; <a href=\"mailto:dpo_wins@pec.it\">dpo_wins@pec.it<\/a><\/p><p><strong>Dati oggetto di trattamento<\/strong><\/p><p>WINS raccoglie essenzialmente i seguenti dati personali:<\/p><ul><li><em>dati anagrafici<\/em><\/li><li><em>dati di contatto <\/em><\/li><\/ul><p><strong>Finalit\u00e0 del trattamento e tempo di conservazione<\/strong><\/p><p>I dati personali verranno trattati, per dare seguito ad una Sua richiesta di ricevere la newsletter informativa. Questi dati verranno conservati fino alla revoca del consenso e comunque per un periodo di tempo non superiore a 24 mesi.<strong>\u00a0<\/strong><\/p><p><strong>Perch\u00e9 il trattamento che svolgiamo \u00e8 lecito<\/strong><\/p><p>Il trattamento \u00e8 lecito poich\u00e9 \u00e8 fondato sulla seguente base giuridica:<\/p><ul><li>Consenso dell\u2019Interessato<\/li><\/ul><p><strong>Modalit\u00e0 del trattamento <\/strong><\/p><p>I dati personali sono trattati sia in modalit\u00e0 cartacea che elettronica (server, database in cloud, software applicativi etc.).<\/p><p>I dati personali potranno essere trasferiti in Paesi extra UE, il cui livello di protezione dei dati \u00e8 stato ritenuto adeguato dalla Commissione Europea ai sensi dell\u2019art. 45 del GDPR (Canada, USA).<\/p><p><strong>Natura obbligatoria o facoltativa del conferimento dei dati <\/strong><\/p><p>Il conferimento dei dati richiesto \u00e8 <u>facoltativo<\/u> e il mancato conferimento degli stessi impedir\u00e0 a WINS di inviare newsletter periodiche.<\/p><p><strong>Categorie di soggetti ai quali i dati personali possono essere comunicati<\/strong><\/p><p>Il trattamento dei dati personali fornitici potr\u00e0 essere effettuato, nel rispetto del principio della stretta indispensabilit\u00e0 dei trattamenti:<\/p><ul><li>dal personale dipendente di WINS, che agisce e tratta i dati sotto l\u2019autorit\u00e0 e le istruzioni del Titolare, a norma dell\u2019art. 29 del GDPR ovvero del personale dipendente designato dal Titolare, a norma dell\u2019art. 2 <em>quaterdecies<\/em> del D. Lgs. n. 101\/2018.<\/li><li>Da persone fisiche o giuridiche la cui facolt\u00e0 di accedere ai Suoi dati personali sia riconosciuta da disposizioni di legge previste dal diritto dell\u2019Unione Europea o dalla legge italiana, quali, a titolo esemplificativo, autorit\u00e0 competenti e\/o organi di vigilanza per l\u2019espletamento degli obblighi di legge, e pubbliche Amministrazioni per i loro fini istituzionali.<\/li><li>Da persone fisiche o giuridiche di cui il Titolare si avvale per lo svolgimento delle attivit\u00e0 strumentali al raggiungimento delle Finalit\u00e0 di cui sopra (a titolo meramente esemplificativo: fornitori di servizi informatici e di applicativi) o a cui WINS sia tenuta a comunicare i dati, in forza di obblighi legali o contrattuali. I fornitori di servizi nominati responsabili esterni dei dati saranno soggetti a obblighi contrattuali e normativi al fine di mantenere la riservatezza dei dati e avranno unicamente accesso a quelle informazioni necessarie per lo svolgimento delle proprie funzioni.<\/li><\/ul><p><strong>Diffusione dei dati<\/strong><\/p><p>I dati trattati non saranno diffusi, venduti o scambiati con soggetti terzi.<\/p><p><strong>Diritti dell\u2019Interessato<\/strong><\/p><p>In relazione al trattamento dei dati personali, ai sensi del GDPR, l\u2019Interessato ha i seguenti diritti:<\/p><ul><li><strong>Diritto di accesso:<\/strong> ha diritto di ottenere una copia dei propri dati personali di cui WINS \u00e8 in possesso e che sono sottoposti a trattamento.<\/li><li><strong>Diritto alla rettificazione<\/strong>: ha diritto di rettificare i dati personali conservati da WINS qualora non siano aggiornati o corretti.<\/li><li><strong>Diritto di revocare<\/strong> un consenso prestato: pu\u00f2 inoltre revocare il consenso prestato per un determinato trattamento in qualsiasi momento.<\/li><li><strong>Diritto a rivolgersi alla Autorit\u00e0 Garante per la protezione dei dati personali<\/strong>, qualora abbia dubbi sul trattamento dei dati personali operato da WINS.<\/li><\/ul><p>L\u2019Interessato pu\u00f2 inoltre esercitare i seguenti diritti al ricorrere di determinate circostanze:<\/p><ul><li><strong>Diritto alla cancellazione<\/strong>: pu\u00f2 chiedere che WINS cancelli i dati personali qualora siano cessati gli scopi del trattamento e non sussistano interessi legittimi o norme di legge che ne impongano la continuazione.<\/li><li><strong>Diritto di opporsi ad un trattamento<\/strong>: pu\u00f2\u0300 chiedere che WINS cessi di svolgere un determinato trattamento dei dati personali. Non si applica il diritto di opposizione quando il trattamento dei dati si svolge su base contrattuale.<\/li><li><strong>Diritto alla portabilit\u00e0 del dato<\/strong>: ha il diritto di ottenere una copia dei dati personali in un formato strutturato di uso comune e leggibile da dispositivo automatico e ha il diritto di ottenere la trasmissione diretta dei dati personali da un titolare all\u2019altro senza impedimenti.<\/li><li><strong>Diritto di limitare il trattamento<\/strong>: ha il diritto di richiedere che WINS limiti le operazioni di trattamento sui propri dati personali.<\/li><\/ul><p>Per esercitare ciascuno dei citati diritti, l\u2019Interessato pu\u00f2 inviare una e-mail o scrivere al seguente indirizzo specificando la richiesta e fornendo a WINS le informazioni necessarie alla corretta identificazione del mittente (allegando anche una copia del Suo documento di identit\u00e0) ai seguenti recapiti:\u00a0<\/p><ul><li>via e-mail: <a href=\"mailto:info@worldinternationalschool.com\">info@worldinternationalschool.com<\/a>.<\/li><li>via posta: World International School S.r.l., Via Michelangelo Buonarroti n. 39, 20145 Milano.<\/li><\/ul><p>WINS risponder\u00e0 entro un mese. Se per qualche motivo WINS non riuscisse a rispondere, Le fornir\u00e0 una spiegazione dettagliata sul motivo per cui non pu\u00f2 soddisfare la Sua richiesta.<\/p><p>La presente informativa potrebbe subire nel tempo delle modifiche o delle integrazioni, pertanto La invitiamo a consultare periodicamente il sito internet del Titolare - <a href=\"https:\/\/worldinternationalschool.com\/\">https:\/\/worldinternationalschool.com\/<\/a> - per rimanere costantemente aggiornato.<\/p><p>Ultima versione: aprile 2020<\/p><p>[\/et_pb_text][\/et_pb_column][\/et_pb_row][\/et_pb_section]<\/p>","_et_gb_content_width":"","inline_featured_image":false,"footnotes":""},"class_list":["post-5847","page","type-page","status-publish","hentry"],"yoast_head":"<!-- This site is optimized with the Yoast SEO plugin v27.4 - https:\/\/yoast.com\/product\/yoast-seo-wordpress\/ -->\n<title>Informativa newsletter - worldinternationalschool<\/title>\n<meta name=\"robots\" content=\"index, follow, max-snippet:-1, max-image-preview:large, max-video-preview:-1\" \/>\n<link rel=\"canonical\" href=\"https:\/\/worldinternationalschool.com\/informativa-newsletter\/\" \/>\n<meta property=\"og:locale\" content=\"en_US\" \/>\n<meta property=\"og:type\" content=\"article\" \/>\n<meta property=\"og:title\" content=\"Informativa newsletter - worldinternationalschool\" \/>\n<meta property=\"og:description\" content=\"INFORMATIVA SUL TRATTAMENTO DEI DATI PERSONALI NEWSLETTER World International School S.r.l. a socio unico (di seguito WINS o il Titolare) rilascia le seguenti informazioni ai sensi dell\u2019art. 13 Regolamento UE n. 2016\/679 del 27 aprile 2016 (di seguito GDPR), per descrivere le caratteristiche dei trattamenti svolti in relazione ai Suoi dati personali e le misure [&hellip;]\" \/>\n<meta property=\"og:url\" content=\"https:\/\/worldinternationalschool.com\/informativa-newsletter\/\" \/>\n<meta property=\"og:site_name\" content=\"worldinternationalschool\" \/>\n<meta property=\"article:publisher\" content=\"https:\/\/www.facebook.com\/WORLDINTERNATIONALSCHOOL\/\" \/>\n<meta property=\"article:modified_time\" content=\"2020-05-02T13:53:42+00:00\" \/>\n<meta name=\"twitter:card\" content=\"summary_large_image\" \/>\n<meta name=\"twitter:label1\" content=\"Est. reading time\" \/>\n\t<meta name=\"twitter:data1\" content=\"5 minutes\" \/>\n<script type=\"application\/ld+json\" class=\"yoast-schema-graph\">{\"@context\":\"https:\\\/\\\/schema.org\",\"@graph\":[{\"@type\":\"WebPage\",\"@id\":\"https:\\\/\\\/worldinternationalschool.com\\\/informativa-newsletter\\\/\",\"url\":\"https:\\\/\\\/worldinternationalschool.com\\\/informativa-newsletter\\\/\",\"name\":\"Informativa newsletter - worldinternationalschool\",\"isPartOf\":{\"@id\":\"https:\\\/\\\/worldinternationalschoolcom.kinsta.cloud\\\/#website\"},\"datePublished\":\"2020-05-02T13:53:39+00:00\",\"dateModified\":\"2020-05-02T13:53:42+00:00\",\"breadcrumb\":{\"@id\":\"https:\\\/\\\/worldinternationalschool.com\\\/informativa-newsletter\\\/#breadcrumb\"},\"inLanguage\":\"en-US\",\"potentialAction\":[{\"@type\":\"ReadAction\",\"target\":[\"https:\\\/\\\/worldinternationalschool.com\\\/informativa-newsletter\\\/\"]}]},{\"@type\":\"BreadcrumbList\",\"@id\":\"https:\\\/\\\/worldinternationalschool.com\\\/informativa-newsletter\\\/#breadcrumb\",\"itemListElement\":[{\"@type\":\"ListItem\",\"position\":1,\"name\":\"Home\",\"item\":\"https:\\\/\\\/www.worldinternationalschool.com\\\/en\\\/\"},{\"@type\":\"ListItem\",\"position\":2,\"name\":\"Informativa newsletter\"}]},{\"@type\":\"WebSite\",\"@id\":\"https:\\\/\\\/worldinternationalschoolcom.kinsta.cloud\\\/#website\",\"url\":\"https:\\\/\\\/worldinternationalschoolcom.kinsta.cloud\\\/\",\"name\":\"worldinternationalschool\",\"description\":\"Scuola Internazionale Torino\",\"publisher\":{\"@id\":\"https:\\\/\\\/worldinternationalschoolcom.kinsta.cloud\\\/#organization\"},\"potentialAction\":[{\"@type\":\"SearchAction\",\"target\":{\"@type\":\"EntryPoint\",\"urlTemplate\":\"https:\\\/\\\/worldinternationalschoolcom.kinsta.cloud\\\/?s={search_term_string}\"},\"query-input\":{\"@type\":\"PropertyValueSpecification\",\"valueRequired\":true,\"valueName\":\"search_term_string\"}}],\"inLanguage\":\"en-US\"},{\"@type\":\"Organization\",\"@id\":\"https:\\\/\\\/worldinternationalschoolcom.kinsta.cloud\\\/#organization\",\"name\":\"WINS - World International School Torino\",\"url\":\"https:\\\/\\\/worldinternationalschoolcom.kinsta.cloud\\\/\",\"logo\":{\"@type\":\"ImageObject\",\"inLanguage\":\"en-US\",\"@id\":\"https:\\\/\\\/worldinternationalschoolcom.kinsta.cloud\\\/#\\\/schema\\\/logo\\\/image\\\/\",\"url\":\"https:\\\/\\\/worldinternationalschool.com\\\/wp-content\\\/uploads\\\/2017\\\/04\\\/00_logo_color_300x180.png\",\"contentUrl\":\"https:\\\/\\\/worldinternationalschool.com\\\/wp-content\\\/uploads\\\/2017\\\/04\\\/00_logo_color_300x180.png\",\"width\":300,\"height\":180,\"caption\":\"WINS - World International School Torino\"},\"image\":{\"@id\":\"https:\\\/\\\/worldinternationalschoolcom.kinsta.cloud\\\/#\\\/schema\\\/logo\\\/image\\\/\"},\"sameAs\":[\"https:\\\/\\\/www.facebook.com\\\/WORLDINTERNATIONALSCHOOL\\\/\",\"https:\\\/\\\/it.linkedin.com\\\/company\\\/world-international-school---torino-wins-\",\"https:\\\/\\\/www.youtube.com\\\/channel\\\/UCKwjF7-Lb28C3aVcMxWJReQ\"]}]}<\/script>\n<!-- \/ Yoast SEO plugin. -->","yoast_head_json":{"title":"Informativa newsletter - worldinternationalschool","robots":{"index":"index","follow":"follow","max-snippet":"max-snippet:-1","max-image-preview":"max-image-preview:large","max-video-preview":"max-video-preview:-1"},"canonical":"https:\/\/worldinternationalschool.com\/informativa-newsletter\/","og_locale":"en_US","og_type":"article","og_title":"Informativa newsletter - worldinternationalschool","og_description":"INFORMATIVA SUL TRATTAMENTO DEI DATI PERSONALI NEWSLETTER World International School S.r.l. a socio unico (di seguito WINS o il Titolare) rilascia le seguenti informazioni ai sensi dell\u2019art. 13 Regolamento UE n. 2016\/679 del 27 aprile 2016 (di seguito GDPR), per descrivere le caratteristiche dei trattamenti svolti in relazione ai Suoi dati personali e le misure [&hellip;]","og_url":"https:\/\/worldinternationalschool.com\/informativa-newsletter\/","og_site_name":"worldinternationalschool","article_publisher":"https:\/\/www.facebook.com\/WORLDINTERNATIONALSCHOOL\/","article_modified_time":"2020-05-02T13:53:42+00:00","twitter_card":"summary_large_image","twitter_misc":{"Est. reading time":"5 minutes"},"schema":{"@context":"https:\/\/schema.org","@graph":[{"@type":"WebPage","@id":"https:\/\/worldinternationalschool.com\/informativa-newsletter\/","url":"https:\/\/worldinternationalschool.com\/informativa-newsletter\/","name":"Informativa newsletter - worldinternationalschool","isPartOf":{"@id":"https:\/\/worldinternationalschoolcom.kinsta.cloud\/#website"},"datePublished":"2020-05-02T13:53:39+00:00","dateModified":"2020-05-02T13:53:42+00:00","breadcrumb":{"@id":"https:\/\/worldinternationalschool.com\/informativa-newsletter\/#breadcrumb"},"inLanguage":"en-US","potentialAction":[{"@type":"ReadAction","target":["https:\/\/worldinternationalschool.com\/informativa-newsletter\/"]}]},{"@type":"BreadcrumbList","@id":"https:\/\/worldinternationalschool.com\/informativa-newsletter\/#breadcrumb","itemListElement":[{"@type":"ListItem","position":1,"name":"Home","item":"https:\/\/www.worldinternationalschool.com\/en\/"},{"@type":"ListItem","position":2,"name":"Informativa newsletter"}]},{"@type":"WebSite","@id":"https:\/\/worldinternationalschoolcom.kinsta.cloud\/#website","url":"https:\/\/worldinternationalschoolcom.kinsta.cloud\/","name":"worldinternationalschool","description":"Scuola Internazionale Torino","publisher":{"@id":"https:\/\/worldinternationalschoolcom.kinsta.cloud\/#organization"},"potentialAction":[{"@type":"SearchAction","target":{"@type":"EntryPoint","urlTemplate":"https:\/\/worldinternationalschoolcom.kinsta.cloud\/?s={search_term_string}"},"query-input":{"@type":"PropertyValueSpecification","valueRequired":true,"valueName":"search_term_string"}}],"inLanguage":"en-US"},{"@type":"Organization","@id":"https:\/\/worldinternationalschoolcom.kinsta.cloud\/#organization","name":"WINS - World International School Torino","url":"https:\/\/worldinternationalschoolcom.kinsta.cloud\/","logo":{"@type":"ImageObject","inLanguage":"en-US","@id":"https:\/\/worldinternationalschoolcom.kinsta.cloud\/#\/schema\/logo\/image\/","url":"https:\/\/worldinternationalschool.com\/wp-content\/uploads\/2017\/04\/00_logo_color_300x180.png","contentUrl":"https:\/\/worldinternationalschool.com\/wp-content\/uploads\/2017\/04\/00_logo_color_300x180.png","width":300,"height":180,"caption":"WINS - World International School Torino"},"image":{"@id":"https:\/\/worldinternationalschoolcom.kinsta.cloud\/#\/schema\/logo\/image\/"},"sameAs":["https:\/\/www.facebook.com\/WORLDINTERNATIONALSCHOOL\/","https:\/\/it.linkedin.com\/company\/world-international-school---torino-wins-","https:\/\/www.youtube.com\/channel\/UCKwjF7-Lb28C3aVcMxWJReQ"]}]}},"_links":{"self":[{"href":"https:\/\/worldinternationalschool.com\/en\/wp-json\/wp\/v2\/pages\/5847","targetHints":{"allow":["GET"]}}],"collection":[{"href":"https:\/\/worldinternationalschool.com\/en\/wp-json\/wp\/v2\/pages"}],"about":[{"href":"https:\/\/worldinternationalschool.com\/en\/wp-json\/wp\/v2\/types\/page"}],"author":[{"embeddable":true,"href":"https:\/\/worldinternationalschool.com\/en\/wp-json\/wp\/v2\/users\/13"}],"replies":[{"embeddable":true,"href":"https:\/\/worldinternationalschool.com\/en\/wp-json\/wp\/v2\/comments?post=5847"}],"version-history":[{"count":2,"href":"https:\/\/worldinternationalschool.com\/en\/wp-json\/wp\/v2\/pages\/5847\/revisions"}],"predecessor-version":[{"id":5849,"href":"https:\/\/worldinternationalschool.com\/en\/wp-json\/wp\/v2\/pages\/5847\/revisions\/5849"}],"wp:attachment":[{"href":"https:\/\/worldinternationalschool.com\/en\/wp-json\/wp\/v2\/media?parent=5847"}],"curies":[{"name":"wp","href":"https:\/\/api.w.org\/{rel}","templated":true}]}}