{"id":3426,"date":"2017-05-05T10:17:26","date_gmt":"2017-05-05T08:17:26","guid":{"rendered":"https:\/\/worldinternationalschool.com\/?page_id=3426"},"modified":"2025-03-24T15:10:36","modified_gmt":"2025-03-24T14:10:36","slug":"privacy-policy","status":"publish","type":"page","link":"https:\/\/worldinternationalschool.com\/en\/privacy-policy\/","title":{"rendered":"Informativa navigazione del sito"},"content":{"rendered":"<p>[et_pb_section fb_built=&#8221;1&#8243; admin_label=&#8221;section&#8221; _builder_version=&#8221;4.16&#8243; global_colors_info=&#8221;{}&#8221;][et_pb_row admin_label=&#8221;row&#8221; _builder_version=&#8221;4.16&#8243; background_size=&#8221;initial&#8221; background_position=&#8221;top_left&#8221; background_repeat=&#8221;repeat&#8221; global_colors_info=&#8221;{}&#8221;][et_pb_column type=&#8221;4_4&#8243; _builder_version=&#8221;4.16&#8243; custom_padding=&#8221;|||&#8221; global_colors_info=&#8221;{}&#8221; custom_padding__hover=&#8221;|||&#8221;][et_pb_text admin_label=&#8221;Informativa navigazione del sito&#8221; _builder_version=&#8221;4.27.4&#8243; hover_enabled=&#8221;0&#8243; global_colors_info=&#8221;{}&#8221; sticky_enabled=&#8221;0&#8243;]<\/p>\n<p><strong><u>INFORMATIVA SUL TRATTAMENTO DEI DATI PERSONALI<\/u><\/strong><\/p>\n<p><strong><u>DATI DI NAVIGAZIONE<\/u><\/strong><\/p>\n<p>World International School S.p.a. a socio unico (di seguito WINS o il Titolare) rilascia le seguenti informazioni ai sensi dell\u2019art. 13 Regolamento UE n. 2016\/679 del 27 aprile 2016 (di seguito GDPR), per descrivere le caratteristiche dei trattamenti svolti in relazione ai dati personali dell\u2019Utente dell\u2019Utente\u00a0 (di seguito anche l\u2019 \u201cInteressato\u201d), durante la navigazione sul sito web <a href=\"https:\/\/worldinternationalschool.com\/\">https:\/\/worldinternationalschool.com\/<\/a> (di seguito il \u201cSito\u201d).<\/p>\n<p><strong>Titolare del trattamento<\/strong><\/p>\n<p>Titolare del trattamento \u00e8 World International School S.p.a. a socio unico (P. IVA 09284580967) con sede in Via Michelangelo Buonarroti n. 39, 20145 Milano \u2013 Contatti: Tel. +39 011 1972111 | Fax +39 011 1972150 |E-mail: <a href=\"mailto:info@worldinternationalschool.com\">info@worldinternationalschool.com<\/a><\/p>\n<p><strong>Responsabile della protezione dei dati<\/strong><\/p>\n<p>WINS ha nominato un Responsabile per la Protezione dei Dati Personali che potr\u00e0 contattare qualora avesse domande o dubbi sulle caratteristiche e modalit\u00e0 del trattamento. Il DPO \u00e8 reperibile ai seguenti recapiti: dpowins<a href=\"mailto:@worldinternationalschool.com\">@worldinternationalschool.com<\/a>; <a href=\"mailto:dpo_wins@pec.it\">dpo_wins@pec.it<\/a><\/p>\n<p><strong>Dati oggetto di trattamento<\/strong><\/p>\n<p>Il Titolare raccoglie essenzialmente i seguenti dati personali:<\/p>\n<ul>\n<li>Dati identificativi dell\u2019Utente, quali, ad esempio, gli indirizzi IP e i nomi a dominio del computer<\/li>\n<li>Dati relativi all\u2019utilizzo del Sito da parte dell\u2019Utente<\/li>\n<li>Dati forniti volontariamente dall\u2019Utente (informazioni identificative) per l\u2019accesso a determinati servizi offerti tramite il Sito, per i quali si rinvia alle apposite informative presenti nelle relative sezioni di riferimento<\/li>\n<li>Questi ultimi sono costituiti da file di testo che si generano automaticamente nell\u2019elaboratore elettronico dell\u2019Utente in seguito alla visita di alcune pagine del Sito. Taluni di questi file (<em>cookies di sessione<\/em>) vengono rimossi in modo automatico alla chiusura del browser. Un\u2019altra tipologia di cookies, invece, viene registrata e memorizzata sul computer dell\u2019Utente (ad esempio per rendere automatica la procedura di accesso all\u2019area riservata, l\u2019Utente potr\u00e0 scegliere che i suoi dati identificativi di User-id e password siano memorizzati in uno di questi file).<\/li>\n<\/ul>\n<p>Per maggiori informazioni relative ai cookie, al loro utilizzo e come disabilitarli si rinvia all\u2019informativa cookie di seguito riportata.<\/p>\n<p><strong>Finalit\u00e0 del trattamento e tempo di conservazione<\/strong><\/p>\n<p>I dati personali verranno trattati per le seguenti Finalit\u00e0:<\/p>\n<ol>\n<li>Gestire la corretta fruizione del sito web<\/li>\n<li>Valutare, in forma statistica, l\u2019utilizzo del sito web da parte degli utenti<\/li>\n<li>Marketing sia diretto che profilato a mezzo di cookie di terze parti<\/li>\n<li>Accertare eventuali illeciti compiuti dagli utenti a danno di terzi o a danno del Titolare.<\/li>\n<li>Adempiere alla normativa europea e nazionale, nonch\u00e9 ai provvedimenti dell\u2019Autorit\u00e0 garante<\/li>\n<\/ol>\n<p>I dati trattati per le suddette Finalit\u00e0 verranno conservati come meglio precisato nelle relative informative (es. informativa cookie)<\/p>\n<p><strong>Perch\u00e9 il trattamento che svolgiamo \u00e8 lecito<\/strong><\/p>\n<p>Il trattamento \u00e8 lecito perch\u00e9 fondato sulle seguenti basi giuridiche:<\/p>\n<ul>\n<li>Interesse legittimo del Titolare (gestire la corretta fruizione del sito web ed accertare eventuali illeciti compiuti dagli utenti a danno di terzi o a danno del Titolare)<\/li>\n<li>Consenso dell\u2019Interessato espresso durante l\u2019esperienza di navigazione<\/li>\n<\/ul>\n<p><strong>Modalit\u00e0 del trattamento <\/strong><\/p>\n<p>I dati personali sono trattati per il perseguimento delle Finalit\u00e0 indicate nella presente informativa su supporto elettronico.<\/p>\n<p><strong>Natura obbligatoria o facoltativa del conferimento dei dati<\/strong><\/p>\n<p>Qualora l\u2019Utente preferisca non ricevere cookie, pu\u00f2 impedirne la trasmissione da parte del sito web mediante opportuna configurazione del proprio browser di navigazione Internet.<\/p>\n<p>In alcuni casi, per\u00f2, la fruizione di alcune parti del Sito potrebbe essere condizionata alla memorizzazione dei cookie sul computer dell\u2019Utente.<\/p>\n<p><strong>Categorie di soggetti ai quali i dati personali possono essere comunicati<\/strong><\/p>\n<p>Il trattamento dei dati personali fornitici potr\u00e0 essere effettuato, nel rispetto del principio della stretta indispensabilit\u00e0 dei trattamenti:<\/p>\n<ul>\n<li>dal personale dipendente del Titolare, che agisce e tratta i dati sotto l\u2019autorit\u00e0 e le istruzioni dello stesso, a norma dell\u2019art. 29 del GDPR ovvero del personale dipendente designato dal Titolare, a norma dell\u2019art. 2 <em>quaterdecies<\/em> del D. Lgs. n. 101\/2018.<\/li>\n<li>Da persone fisiche o giuridiche la cui facolt\u00e0 di accedere ai dati personali dell\u2019Interessato sia riconosciuta da disposizioni di legge previste dal diritto dell\u2019Unione Europea o dalla legge italiana, quali, a titolo esemplificativo, autorit\u00e0 competenti e\/o organi di vigilanza per l\u2019espletamento degli obblighi di legge, e pubbliche Amministrazioni per i loro fini istituzionali.<\/li>\n<li>Da persone fisiche o giuridiche di cui il Titolare si avvale per lo svolgimento delle attivit\u00e0 strumentali al raggiungimento delle Finalit\u00e0 (come ad esempio, fornitori di software, partner cloud, datacenter, consulenti IT). I soggetti terzi che accederanno ai dati, lo faranno rispettando la normativa vigente in materia di protezione dei dati personali e le istruzioni impartite dal Titolare e saranno in ogni caso nominati dal Titolare, Responsabili esterni del trattamento.<\/li>\n<\/ul>\n<p><strong>Diffusione dei dati<\/strong><\/p>\n<p>I dati non verranno diffusi in alcun caso.<\/p>\n<p><strong>Diritti dell\u2019Interessato<\/strong><\/p>\n<p>Il GDPR garantisce all\u2019Interessato del trattamento specifici diritti e quest\u2019ultimo, per ciascun trattamento, pu\u00f2 esercitare i seguenti diritti:<\/p>\n<ul>\n<li><strong>Diritto di accesso<\/strong>: ha il diritto di ottenere una copia dei dati personali di cui siamo in possesso e che sono sottoposti a trattamento.<\/li>\n<li><strong>Diritto alla rettificazione<\/strong>: ha il diritto di rettificare i dati personali conservati dal Titolare qualora non siano aggiornati o corretti.<\/li>\n<li><strong>Diritto di opporsi<\/strong> al trattamento di dati personali per Finalit\u00e0 commerciali: pu\u00f2 chiedere che il Titolare cessi di inviare comunicazioni commerciali in qualsiasi momento.<\/li>\n<li><strong>Diritto di opporsi<\/strong> a decisioni basate su processi esclusivamente automatizzati: pu\u00f2 chiedere di non essere destinatario di decisioni prese in base a processi esclusivamente automatizzati, inclusa l\u2019attivit\u00e0 di profilazione.<\/li>\n<li><strong>Diritto di revocare<\/strong> un consenso prestato: ha il diritto di revocare il consenso prestato per un determinato trattamento in qualsiasi momento.<\/li>\n<li><strong>Diritto di rivolgersi all\u2019Autorit\u00e0 Garante per la protezione dei dati personali<\/strong>: ha il diritto di rivolgersi all\u2019Autorit\u00e0\u0300 Garante per la protezione dei dati personali qualora abbia dubbi sul trattamento di dati personali operato dal Titolare.<\/li>\n<\/ul>\n<p>Il Titolare pu\u00f2 esercitare anche i seguenti diritti al ricorrere di determinate circostanze:<\/p>\n<ul>\n<li><strong>Diritto alla cancellazione<\/strong>: pu\u00f2 richiedere che il Titolare cancelli i dati personali dell\u2019Interessato qualora siano cessati gli scopi del trattamento e non sussistano interessi legittimi o norme di legge che ne impongano la continuazione.<\/li>\n<li><strong>Diritto di opporsi<\/strong> ad un trattamento: pu\u00f2 chiedere che il Titolare cessi di svolgere un determinato trattamento sui dati personali.<\/li>\n<li><strong>Diritto di limitare<\/strong> il trattamento: ha il diritto di richiedere che il Titolare limiti le operazioni di trattamento sui dati personali dell\u2019Interessato.<\/li>\n<li><strong>Diritto alla portabilit\u00e0<\/strong> del dato: ha il diritto di ottenere una copia dei dati in un formato strutturato di uso comune e leggibile da dispositivo automatico da un altro Titolare.<\/li>\n<\/ul>\n<p>Per esercitare ciascuno dei citati diritti, l\u2019Interessato pu\u00f2 inviare una e-mail o scrivere al seguente indirizzo specificando la richiesta e fornendo a WINS le informazioni necessarie alla corretta identificazione del mittente (allegando anche una copia del Suo documento di identit\u00e0):<\/p>\n<ul>\n<li>via e-mail: <a href=\"mailto:info@worldinternationalschool.com\">info@worldinternationalschool.com<\/a>.<\/li>\n<li>via posta: World International School S.r.l., Via Michelangelo Buonarroti n. 39, 20145 Milano.<\/li>\n<\/ul>\n<p>WINS risponder\u00e0 entro un mese. Se per qualche motivo WINS non riuscisse a rispondere, Le fornir\u00e0 una spiegazione dettagliata sul motivo per cui non pu\u00f2 soddisfare la Sua richiesta.<\/p>\n<p>La presente informativa potrebbe subire nel tempo delle modifiche o delle integrazioni, pertanto La invitiamo a consultare periodicamente il sito internet del Titolare &#8211; <a href=\"https:\/\/worldinternationalschool.com\/\">https:\/\/worldinternationalschool.com\/<\/a> &#8211; per rimanere costantemente aggiornato.<\/p>\n<p>Ultima versione: aprile 2020<\/p>\n<p>[\/et_pb_text][et_pb_code admin_label=&#8221;Cookie Bot policy&#8221; _builder_version=&#8221;4.16&#8243; global_colors_info=&#8221;{}&#8221;] <script id=\"CookieDeclaration\" src=\"https:\/\/consent.cookiebot.com\/5cc7e74a-240d-4a04-a980-33cc29bf55a7\/cd.js\" type=\"text\/javascript\" async><\/script>[\/et_pb_code][et_pb_text admin_label=&#8221;Come disattivare Cookie&#8221; _builder_version=&#8221;4.16&#8243; global_colors_info=&#8221;{}&#8221;]<\/p>\n<p><strong>Come disabilitare\/cancellare i cookie mediante configurazione del browser<\/strong><\/p>\n<p><u>Chrome<\/u><\/p>\n<ol>\n<li>Eseguire il Browser Chrome.<\/li>\n<li>Fare click sul men\u00f9 presente nella barra degli strumenti del browser a fianco della finestra di inserimento URL per la navigazione.<\/li>\n<li>Selezionare Impostazioni.<\/li>\n<li>Fare clic su Mostra Impostazioni Avanzate.<\/li>\n<li>Nella sezione \u201cPrivacy\u201d fare clic su bottone \u201cImpostazioni contenuti \u201c.<\/li>\n<li>Nella sezione \u201cCookie\u201d \u00e8 possibile modificare le seguenti impostazioni relative ai cookie:<\/li>\n<\/ol>\n<ul>\n<li>Consentire il salvataggio dei dati in locale.<\/li>\n<li>Modificare i dati locali solo fino alla chiusura del browser.<\/li>\n<li>Impedire ai siti di impostare i cookie.<\/li>\n<li>Bloccare i cookie di terze parti e i dati dei siti.<\/li>\n<li>Gestire le eccezioni per alcuni siti internet.<\/li>\n<li>Eliminare uno o tutti i cookie.<\/li>\n<\/ul>\n<p>Per maggiori informazioni visita la pagina dedicata.<\/p>\n<p><u>Mozilla Firefox<\/u><\/p>\n<ol>\n<li>Eseguire il Browser Mozilla Firefox.<\/li>\n<li>Fare click sul men\u00f9 presente nella barra degli strumenti del browser a fianco della finestra di inserimento URL per la navigazione.<\/li>\n<li>Selezionare Opzioni.<\/li>\n<li>Selezionare il pannello Privacy.<\/li>\n<li>Fare clic su Mostra Impostazioni Avanzate.<\/li>\n<li>Nella sezione \u201cPrivacy\u201d fare clic su bottone \u201cImpostazioni contenuti \u201c.<\/li>\n<li>Nella sezione \u201cTracciamento\u201d \u00e8 possibile modificare le seguenti impostazioni relative ai cookie:<\/li>\n<\/ol>\n<ul>\n<li>Richiedi ai siti di non effettuare alcun tracciamento.<\/li>\n<li>Comunica ai siti la disponibilit\u00e0 ad essere tracciato.<\/li>\n<li>Non comunicare alcuna preferenza relativa al tracciamento dei dati personali.<\/li>\n<\/ul>\n<ol start=\"8\">\n<li>Dalla sezione \u201cCronologia\u201d \u00e8 possibile:<\/li>\n<\/ol>\n<ul>\n<li>Abilitando \u201cUtilizza impostazioni personalizzate\u201d selezionare di accettare i cookie di terze parti (sempre, dai siti pi\u00f9 visitato o mai) e di conservarli per un periodo determinato (fino alla loro scadenza, alla chiusura di Firefox o di chiedere ogni volta).<\/li>\n<li>Rimuovere i singoli cookie immagazzinati.<\/li>\n<\/ul>\n<p>&nbsp;<\/p>\n<p>Per maggiori informazioni visita la pagina dedicata.<\/p>\n<p><u>Internet Explorer<\/u><\/p>\n<ol>\n<li>Eseguire il Browser Internet Explorer.<\/li>\n<li>Fare click sul pulsante Strumenti e scegliere Opzioni Internet.<\/li>\n<li>Fare click sulla scheda Privacy e, nella sezione Impostazioni, modificare il dispositivo di scorrimento in funzione dell\u2019azione desiderata per i cookie:<\/li>\n<\/ol>\n<ul>\n<li>Bloccare tutti i cookie.<\/li>\n<li>Consentire tutti i cookie.<\/li>\n<li>Selezionare i siti da cui ottenere cookie: spostare il cursore in una posizione intermedia in modo da non bloccare o consentire tutti i cookie, premere quindi su Siti, nella casella Indirizzo Sito Web inserire un sito internet e quindi premere su Blocca o Consenti.<\/li>\n<\/ul>\n<p>Per maggiori informazioni visita la pagina dedicata.<\/p>\n<p><u>Safari<\/u><\/p>\n<ol>\n<li>Eseguire il Browser Safari.<\/li>\n<li>Fare click su Safari, selezionare Preferenze e premere su Privacy.<\/li>\n<li>Nella sezione Blocca Cookie specificare come Safari deve accettare i cookie dai siti internet.<\/li>\n<li>Per visionare quali siti hanno immagazzinato i cookie cliccare su Dettagli.<\/li>\n<\/ol>\n<p>Per maggiori informazioni visita la pagina dedicata.<\/p>\n<p><u>Safari iOS (dispositivi mobile)<\/u><\/p>\n<ol>\n<li>Eseguire il Browser Safari iOS.<\/li>\n<li>Tocca su Impostazioni e poi Safari 3. Tocca su Blocca Cookie e scegli tra le varie opzioni: \u201cMai\u201d, \u201cDi terze parti e inserzionisti\u201d o \u201cSempre\u201d.<\/li>\n<li>Per cancellare tutti i cookie immagazzinati da Safari, tocca su Impostazioni, poi su Safari e infine su Cancella Cookie e dati.<\/li>\n<\/ol>\n<p>&nbsp;<\/p>\n<p>Per maggiori informazioni visita la pagina dedicata.<\/p>\n<p><u>Opera<\/u><\/p>\n<ol>\n<li>Eseguire il Browser Opera<\/li>\n<li>Fare click sul Preferenze poi su Avanzate e infine su Cookie<\/li>\n<li>Selezionare una delle seguenti opzioni:<\/li>\n<\/ol>\n<ul>\n<li>Accetta tutti i cookie<\/li>\n<li>Accetta i cookie solo dal sito che si visita: i cookie di terze parti e quelli che vengono inviati da un dominio diverso da quello che si sta visitando verranno rifiutati<\/li>\n<li>Non accettare mai i cookie: tutti i cookie non verranno mai salvati. Per maggiori informazioni visita la pagina dedicata.<\/li>\n<\/ul>\n<p>[\/et_pb_text][\/et_pb_column][\/et_pb_row][\/et_pb_section]<\/p>\n","protected":false},"excerpt":{"rendered":"<p>INFORMATIVA SUL TRATTAMENTO DEI DATI PERSONALI DATI DI NAVIGAZIONE World International School S.p.a. a socio unico (di seguito WINS o il Titolare) rilascia le seguenti informazioni ai sensi dell\u2019art. 13 Regolamento UE n. 2016\/679 del 27 aprile 2016 (di seguito GDPR), per descrivere le caratteristiche dei trattamenti svolti in relazione ai dati personali dell\u2019Utente dell\u2019Utente\u00a0 [&hellip;]<\/p>\n","protected":false},"author":9,"featured_media":0,"parent":0,"menu_order":200,"comment_status":"closed","ping_status":"closed","template":"","meta":{"_et_pb_use_builder":"on","_et_pb_old_content":"","_et_gb_content_width":"","inline_featured_image":false,"footnotes":""},"class_list":["post-3426","page","type-page","status-publish","hentry"],"yoast_head":"<!-- This site is optimized with the Yoast SEO plugin v27.5 - https:\/\/yoast.com\/product\/yoast-seo-wordpress\/ -->\n<title>Informativa navigazione del sito - worldinternationalschool<\/title>\n<meta name=\"robots\" content=\"index, follow, max-snippet:-1, max-image-preview:large, max-video-preview:-1\" \/>\n<link rel=\"canonical\" href=\"https:\/\/worldinternationalschool.com\/en\/privacy-policy\/\" \/>\n<meta property=\"og:locale\" content=\"en_US\" \/>\n<meta property=\"og:type\" content=\"article\" \/>\n<meta property=\"og:title\" content=\"Informativa navigazione del sito - worldinternationalschool\" \/>\n<meta property=\"og:description\" content=\"INFORMATIVA SUL TRATTAMENTO DEI DATI PERSONALI DATI DI NAVIGAZIONE World International School S.p.a. a socio unico (di seguito WINS o il Titolare) rilascia le seguenti informazioni ai sensi dell\u2019art. 13 Regolamento UE n. 2016\/679 del 27 aprile 2016 (di seguito GDPR), per descrivere le caratteristiche dei trattamenti svolti in relazione ai dati personali dell\u2019Utente dell\u2019Utente\u00a0 [&hellip;]\" \/>\n<meta property=\"og:url\" content=\"https:\/\/worldinternationalschool.com\/en\/privacy-policy\/\" \/>\n<meta property=\"og:site_name\" content=\"worldinternationalschool\" \/>\n<meta property=\"article:publisher\" content=\"https:\/\/www.facebook.com\/WORLDINTERNATIONALSCHOOL\/\" \/>\n<meta property=\"article:modified_time\" content=\"2025-03-24T14:10:36+00:00\" \/>\n<meta name=\"twitter:card\" content=\"summary_large_image\" \/>\n<meta name=\"twitter:label1\" content=\"Est. reading time\" \/>\n\t<meta name=\"twitter:data1\" content=\"9 minutes\" \/>\n<script type=\"application\/ld+json\" class=\"yoast-schema-graph\">{\"@context\":\"https:\\\/\\\/schema.org\",\"@graph\":[{\"@type\":\"WebPage\",\"@id\":\"https:\\\/\\\/worldinternationalschool.com\\\/en\\\/privacy-policy\\\/\",\"url\":\"https:\\\/\\\/worldinternationalschool.com\\\/en\\\/privacy-policy\\\/\",\"name\":\"Informativa navigazione del sito - worldinternationalschool\",\"isPartOf\":{\"@id\":\"https:\\\/\\\/www.worldinternationalschoolcom.kinsta.cloud\\\/#website\"},\"datePublished\":\"2017-05-05T08:17:26+00:00\",\"dateModified\":\"2025-03-24T14:10:36+00:00\",\"breadcrumb\":{\"@id\":\"https:\\\/\\\/worldinternationalschool.com\\\/en\\\/privacy-policy\\\/#breadcrumb\"},\"inLanguage\":\"en-US\",\"potentialAction\":[{\"@type\":\"ReadAction\",\"target\":[\"https:\\\/\\\/worldinternationalschool.com\\\/en\\\/privacy-policy\\\/\"]}]},{\"@type\":\"BreadcrumbList\",\"@id\":\"https:\\\/\\\/worldinternationalschool.com\\\/en\\\/privacy-policy\\\/#breadcrumb\",\"itemListElement\":[{\"@type\":\"ListItem\",\"position\":1,\"name\":\"Home\",\"item\":\"https:\\\/\\\/www.worldinternationalschool.com\\\/en\\\/\"},{\"@type\":\"ListItem\",\"position\":2,\"name\":\"Informativa navigazione del sito\"}]},{\"@type\":\"WebSite\",\"@id\":\"https:\\\/\\\/www.worldinternationalschoolcom.kinsta.cloud\\\/#website\",\"url\":\"https:\\\/\\\/www.worldinternationalschoolcom.kinsta.cloud\\\/\",\"name\":\"worldinternationalschool\",\"description\":\"Scuola Internazionale Torino\",\"publisher\":{\"@id\":\"https:\\\/\\\/www.worldinternationalschoolcom.kinsta.cloud\\\/#organization\"},\"potentialAction\":[{\"@type\":\"SearchAction\",\"target\":{\"@type\":\"EntryPoint\",\"urlTemplate\":\"https:\\\/\\\/www.worldinternationalschoolcom.kinsta.cloud\\\/?s={search_term_string}\"},\"query-input\":{\"@type\":\"PropertyValueSpecification\",\"valueRequired\":true,\"valueName\":\"search_term_string\"}}],\"inLanguage\":\"en-US\"},{\"@type\":\"Organization\",\"@id\":\"https:\\\/\\\/www.worldinternationalschoolcom.kinsta.cloud\\\/#organization\",\"name\":\"WINS - World International School Torino\",\"url\":\"https:\\\/\\\/www.worldinternationalschoolcom.kinsta.cloud\\\/\",\"logo\":{\"@type\":\"ImageObject\",\"inLanguage\":\"en-US\",\"@id\":\"https:\\\/\\\/www.worldinternationalschoolcom.kinsta.cloud\\\/#\\\/schema\\\/logo\\\/image\\\/\",\"url\":\"https:\\\/\\\/worldinternationalschool.com\\\/wp-content\\\/uploads\\\/2017\\\/04\\\/00_logo_color_300x180.png\",\"contentUrl\":\"https:\\\/\\\/worldinternationalschool.com\\\/wp-content\\\/uploads\\\/2017\\\/04\\\/00_logo_color_300x180.png\",\"width\":300,\"height\":180,\"caption\":\"WINS - World International School Torino\"},\"image\":{\"@id\":\"https:\\\/\\\/www.worldinternationalschoolcom.kinsta.cloud\\\/#\\\/schema\\\/logo\\\/image\\\/\"},\"sameAs\":[\"https:\\\/\\\/www.facebook.com\\\/WORLDINTERNATIONALSCHOOL\\\/\",\"https:\\\/\\\/it.linkedin.com\\\/company\\\/world-international-school---torino-wins-\",\"https:\\\/\\\/www.youtube.com\\\/channel\\\/UCKwjF7-Lb28C3aVcMxWJReQ\"]}]}<\/script>\n<!-- \/ Yoast SEO plugin. -->","yoast_head_json":{"title":"Informativa navigazione del sito - worldinternationalschool","robots":{"index":"index","follow":"follow","max-snippet":"max-snippet:-1","max-image-preview":"max-image-preview:large","max-video-preview":"max-video-preview:-1"},"canonical":"https:\/\/worldinternationalschool.com\/en\/privacy-policy\/","og_locale":"en_US","og_type":"article","og_title":"Informativa navigazione del sito - worldinternationalschool","og_description":"INFORMATIVA SUL TRATTAMENTO DEI DATI PERSONALI DATI DI NAVIGAZIONE World International School S.p.a. a socio unico (di seguito WINS o il Titolare) rilascia le seguenti informazioni ai sensi dell\u2019art. 13 Regolamento UE n. 2016\/679 del 27 aprile 2016 (di seguito GDPR), per descrivere le caratteristiche dei trattamenti svolti in relazione ai dati personali dell\u2019Utente dell\u2019Utente\u00a0 [&hellip;]","og_url":"https:\/\/worldinternationalschool.com\/en\/privacy-policy\/","og_site_name":"worldinternationalschool","article_publisher":"https:\/\/www.facebook.com\/WORLDINTERNATIONALSCHOOL\/","article_modified_time":"2025-03-24T14:10:36+00:00","twitter_card":"summary_large_image","twitter_misc":{"Est. reading time":"9 minutes"},"schema":{"@context":"https:\/\/schema.org","@graph":[{"@type":"WebPage","@id":"https:\/\/worldinternationalschool.com\/en\/privacy-policy\/","url":"https:\/\/worldinternationalschool.com\/en\/privacy-policy\/","name":"Informativa navigazione del sito - worldinternationalschool","isPartOf":{"@id":"https:\/\/www.worldinternationalschoolcom.kinsta.cloud\/#website"},"datePublished":"2017-05-05T08:17:26+00:00","dateModified":"2025-03-24T14:10:36+00:00","breadcrumb":{"@id":"https:\/\/worldinternationalschool.com\/en\/privacy-policy\/#breadcrumb"},"inLanguage":"en-US","potentialAction":[{"@type":"ReadAction","target":["https:\/\/worldinternationalschool.com\/en\/privacy-policy\/"]}]},{"@type":"BreadcrumbList","@id":"https:\/\/worldinternationalschool.com\/en\/privacy-policy\/#breadcrumb","itemListElement":[{"@type":"ListItem","position":1,"name":"Home","item":"https:\/\/www.worldinternationalschool.com\/en\/"},{"@type":"ListItem","position":2,"name":"Informativa navigazione del sito"}]},{"@type":"WebSite","@id":"https:\/\/www.worldinternationalschoolcom.kinsta.cloud\/#website","url":"https:\/\/www.worldinternationalschoolcom.kinsta.cloud\/","name":"worldinternationalschool","description":"Scuola Internazionale Torino","publisher":{"@id":"https:\/\/www.worldinternationalschoolcom.kinsta.cloud\/#organization"},"potentialAction":[{"@type":"SearchAction","target":{"@type":"EntryPoint","urlTemplate":"https:\/\/www.worldinternationalschoolcom.kinsta.cloud\/?s={search_term_string}"},"query-input":{"@type":"PropertyValueSpecification","valueRequired":true,"valueName":"search_term_string"}}],"inLanguage":"en-US"},{"@type":"Organization","@id":"https:\/\/www.worldinternationalschoolcom.kinsta.cloud\/#organization","name":"WINS - World International School Torino","url":"https:\/\/www.worldinternationalschoolcom.kinsta.cloud\/","logo":{"@type":"ImageObject","inLanguage":"en-US","@id":"https:\/\/www.worldinternationalschoolcom.kinsta.cloud\/#\/schema\/logo\/image\/","url":"https:\/\/worldinternationalschool.com\/wp-content\/uploads\/2017\/04\/00_logo_color_300x180.png","contentUrl":"https:\/\/worldinternationalschool.com\/wp-content\/uploads\/2017\/04\/00_logo_color_300x180.png","width":300,"height":180,"caption":"WINS - World International School Torino"},"image":{"@id":"https:\/\/www.worldinternationalschoolcom.kinsta.cloud\/#\/schema\/logo\/image\/"},"sameAs":["https:\/\/www.facebook.com\/WORLDINTERNATIONALSCHOOL\/","https:\/\/it.linkedin.com\/company\/world-international-school---torino-wins-","https:\/\/www.youtube.com\/channel\/UCKwjF7-Lb28C3aVcMxWJReQ"]}]}},"_links":{"self":[{"href":"https:\/\/worldinternationalschool.com\/en\/wp-json\/wp\/v2\/pages\/3426","targetHints":{"allow":["GET"]}}],"collection":[{"href":"https:\/\/worldinternationalschool.com\/en\/wp-json\/wp\/v2\/pages"}],"about":[{"href":"https:\/\/worldinternationalschool.com\/en\/wp-json\/wp\/v2\/types\/page"}],"author":[{"embeddable":true,"href":"https:\/\/worldinternationalschool.com\/en\/wp-json\/wp\/v2\/users\/9"}],"replies":[{"embeddable":true,"href":"https:\/\/worldinternationalschool.com\/en\/wp-json\/wp\/v2\/comments?post=3426"}],"version-history":[{"count":2,"href":"https:\/\/worldinternationalschool.com\/en\/wp-json\/wp\/v2\/pages\/3426\/revisions"}],"predecessor-version":[{"id":13019,"href":"https:\/\/worldinternationalschool.com\/en\/wp-json\/wp\/v2\/pages\/3426\/revisions\/13019"}],"wp:attachment":[{"href":"https:\/\/worldinternationalschool.com\/en\/wp-json\/wp\/v2\/media?parent=3426"}],"curies":[{"name":"wp","href":"https:\/\/api.w.org\/{rel}","templated":true}]}}