{"id":11534,"date":"2023-12-12T16:06:07","date_gmt":"2023-12-12T15:06:07","guid":{"rendered":"https:\/\/worldinternationalschool.com\/whistleblowing\/"},"modified":"2025-03-24T15:05:52","modified_gmt":"2025-03-24T14:05:52","slug":"whistleblowing","status":"publish","type":"page","link":"https:\/\/worldinternationalschool.com\/en\/whistleblowing\/","title":{"rendered":"Whistleblowing"},"content":{"rendered":"<p>[et_pb_section fb_built=&#8221;1&#8243; _builder_version=&#8221;4.23.1&#8243; _module_preset=&#8221;default&#8221; global_colors_info=&#8221;{}&#8221;][et_pb_row _builder_version=&#8221;4.23.1&#8243; _module_preset=&#8221;default&#8221; global_colors_info=&#8221;{}&#8221;][et_pb_column type=&#8221;4_4&#8243; _builder_version=&#8221;4.23.1&#8243; _module_preset=&#8221;default&#8221; global_colors_info=&#8221;{}&#8221;][et_pb_text _builder_version=&#8221;4.23.1&#8243; _module_preset=&#8221;default&#8221; hover_enabled=&#8221;0&#8243; global_colors_info=&#8221;{}&#8221; sticky_enabled=&#8221;0&#8243;]<\/p>\n<h1>Procedura per la segnalazione delle violazioni<\/h1>\n<h3>WHISTLEBLOWING<\/h3>\n<p>[\/et_pb_text][et_pb_text _builder_version=&#8221;4.27.4&#8243; _module_preset=&#8221;default&#8221; hover_enabled=&#8221;0&#8243; global_colors_info=&#8221;{}&#8221; sticky_enabled=&#8221;0&#8243;]<\/p>\n<p>La presente sezione ha lo scopo di disciplinare la segnalazione di eventuali violazioni delle disposizioni normative nazionali o dell\u2019Unione Europea che ledono l\u2019interesse pubblico o l\u2019integrit\u00e0 di World International School S.p.a., in forma abbreviata Wins S.p.a. (la \u201c<strong>Societ\u00e0<\/strong>\u201d), da parte di chiunque ne sia venuto a conoscenza nell\u2019ambito del rapporto, di lavoro, di collaborazione o professionale, con la Societ\u00e0 o, comunque, nel contesto lavorativo come di seguito definito.<\/p>\n<p>In particolare, si intendono illustrare: i canali, le procedure ed i presupposti per effettuare le segnalazioni interne o esterne, nonch\u00e9 le indicazioni operative che il segnalante deve osservare per presentarle; le tutele riservate al segnalante, cos\u00ec come le responsabilit\u00e0 in cui lo stesso potrebbe incorrere in caso di segnalazioni rivelatesi false o infondate; le misure previste a protezione delle persone oggetto della segnalazione e degli altri soggetti a vario titolo coinvolti nella segnalazione.<\/p>\n<p>La presente sezione viene redatta in conformit\u00e0 a quanto previsto dal D.Lgs. 10 marzo 2023, n. 24, recante l\u2019attuazione della direttiva (UE) 2019\/1937 e riguardante la protezione delle persone che segnalano violazioni del diritto dell\u2019Unione e delle disposizioni normative nazionali.<\/p>\n<p>[\/et_pb_text][et_pb_button button_url=&#8221;https:\/\/worldinternationalschool.com\/wp-content\/uploads\/2023\/12\/Policy-Whistleblowing-WINS.pdf&#8221; url_new_window=&#8221;on&#8221; button_text=&#8221;Scarica la policy completa&#8221; _builder_version=&#8221;4.23.1&#8243; _module_preset=&#8221;default&#8221; global_colors_info=&#8221;{}&#8221;][\/et_pb_button][et_pb_text _builder_version=&#8221;4.23.1&#8243; _module_preset=&#8221;default&#8221; custom_margin=&#8221;80px||||false|false&#8221; global_colors_info=&#8221;{}&#8221;]<\/p>\n<p>Seguendo i link sottostanti, \u00e8 possibile creare una nuova segnalazione o essere aggiornati su una segnalazione esistente.<\/p>\n<p>[\/et_pb_text][et_pb_button button_url=&#8221;https:\/\/whistleblowersoftware.com\/secure\/WINS%20&#8243; url_new_window=&#8221;on&#8221; button_text=&#8221;Accedi al canale di segnalazione&#8221; _builder_version=&#8221;4.23.1&#8243; _module_preset=&#8221;default&#8221; global_colors_info=&#8221;{}&#8221;][\/et_pb_button][et_pb_image src=&#8221;https:\/\/worldinternationalschool.com\/wp-content\/uploads\/2023\/12\/QR-code.jpg&#8221; title_text=&#8221;QR-code&#8221; _builder_version=&#8221;4.23.1&#8243; _module_preset=&#8221;default&#8221; width=&#8221;140px&#8221; module_alignment=&#8221;left&#8221; global_colors_info=&#8221;{}&#8221;][\/et_pb_image][\/et_pb_column][\/et_pb_row][\/et_pb_section]<\/p>\n","protected":false},"excerpt":{"rendered":"<p>Procedura per la segnalazione delle violazioni WHISTLEBLOWINGLa presente sezione ha lo scopo di disciplinare la segnalazione di eventuali violazioni delle disposizioni normative nazionali o dell\u2019Unione Europea che ledono l\u2019interesse pubblico o l\u2019integrit\u00e0 di World International School S.p.a., in forma abbreviata Wins S.p.a. (la \u201cSociet\u00e0\u201d), da parte di chiunque ne sia venuto a conoscenza nell\u2019ambito del [&hellip;]<\/p>\n","protected":false},"author":8,"featured_media":0,"parent":0,"menu_order":0,"comment_status":"closed","ping_status":"closed","template":"","meta":{"_et_pb_use_builder":"on","_et_pb_old_content":"","_et_gb_content_width":"","inline_featured_image":false,"footnotes":""},"class_list":["post-11534","page","type-page","status-publish","hentry"],"yoast_head":"<!-- This site is optimized with the Yoast SEO plugin v27.3 - https:\/\/yoast.com\/product\/yoast-seo-wordpress\/ -->\n<title>Whistleblowing - worldinternationalschool<\/title>\n<meta name=\"robots\" content=\"index, follow, max-snippet:-1, max-image-preview:large, max-video-preview:-1\" \/>\n<link rel=\"canonical\" href=\"https:\/\/www.worldinternationalschool.com\/en\/whistleblowing\/\" \/>\n<meta property=\"og:locale\" content=\"en_US\" \/>\n<meta property=\"og:type\" content=\"article\" \/>\n<meta property=\"og:title\" content=\"Whistleblowing - worldinternationalschool\" \/>\n<meta property=\"og:description\" content=\"Procedura per la segnalazione delle violazioni WHISTLEBLOWINGLa presente sezione ha lo scopo di disciplinare la segnalazione di eventuali violazioni delle disposizioni normative nazionali o dell\u2019Unione Europea che ledono l\u2019interesse pubblico o l\u2019integrit\u00e0 di World International School S.p.a., in forma abbreviata Wins S.p.a. (la \u201cSociet\u00e0\u201d), da parte di chiunque ne sia venuto a conoscenza nell\u2019ambito del [&hellip;]\" \/>\n<meta property=\"og:url\" content=\"https:\/\/www.worldinternationalschool.com\/en\/whistleblowing\/\" \/>\n<meta property=\"og:site_name\" content=\"worldinternationalschool\" \/>\n<meta property=\"article:publisher\" content=\"https:\/\/www.facebook.com\/WORLDINTERNATIONALSCHOOL\/\" \/>\n<meta property=\"article:modified_time\" content=\"2025-03-24T14:05:52+00:00\" \/>\n<meta name=\"twitter:card\" content=\"summary_large_image\" \/>\n<meta name=\"twitter:label1\" content=\"Est. reading time\" \/>\n\t<meta name=\"twitter:data1\" content=\"2 minutes\" \/>\n<script type=\"application\/ld+json\" class=\"yoast-schema-graph\">{\"@context\":\"https:\\\/\\\/schema.org\",\"@graph\":[{\"@type\":\"WebPage\",\"@id\":\"https:\\\/\\\/www.worldinternationalschool.com\\\/en\\\/whistleblowing\\\/\",\"url\":\"https:\\\/\\\/www.worldinternationalschool.com\\\/en\\\/whistleblowing\\\/\",\"name\":\"Whistleblowing - worldinternationalschool\",\"isPartOf\":{\"@id\":\"https:\\\/\\\/www.worldinternationalschool.com\\\/#website\"},\"datePublished\":\"2023-12-12T15:06:07+00:00\",\"dateModified\":\"2025-03-24T14:05:52+00:00\",\"breadcrumb\":{\"@id\":\"https:\\\/\\\/www.worldinternationalschool.com\\\/en\\\/whistleblowing\\\/#breadcrumb\"},\"inLanguage\":\"en-US\",\"potentialAction\":[{\"@type\":\"ReadAction\",\"target\":[\"https:\\\/\\\/www.worldinternationalschool.com\\\/en\\\/whistleblowing\\\/\"]}]},{\"@type\":\"BreadcrumbList\",\"@id\":\"https:\\\/\\\/www.worldinternationalschool.com\\\/en\\\/whistleblowing\\\/#breadcrumb\",\"itemListElement\":[{\"@type\":\"ListItem\",\"position\":1,\"name\":\"Home\",\"item\":\"https:\\\/\\\/www.worldinternationalschool.com\\\/en\\\/\"},{\"@type\":\"ListItem\",\"position\":2,\"name\":\"Whistleblowing\"}]},{\"@type\":\"WebSite\",\"@id\":\"https:\\\/\\\/www.worldinternationalschool.com\\\/#website\",\"url\":\"https:\\\/\\\/www.worldinternationalschool.com\\\/\",\"name\":\"worldinternationalschool\",\"description\":\"Scuola Internazionale Torino\",\"publisher\":{\"@id\":\"https:\\\/\\\/www.worldinternationalschool.com\\\/#organization\"},\"potentialAction\":[{\"@type\":\"SearchAction\",\"target\":{\"@type\":\"EntryPoint\",\"urlTemplate\":\"https:\\\/\\\/www.worldinternationalschool.com\\\/?s={search_term_string}\"},\"query-input\":{\"@type\":\"PropertyValueSpecification\",\"valueRequired\":true,\"valueName\":\"search_term_string\"}}],\"inLanguage\":\"en-US\"},{\"@type\":\"Organization\",\"@id\":\"https:\\\/\\\/www.worldinternationalschool.com\\\/#organization\",\"name\":\"WINS - World International School Torino\",\"url\":\"https:\\\/\\\/www.worldinternationalschool.com\\\/\",\"logo\":{\"@type\":\"ImageObject\",\"inLanguage\":\"en-US\",\"@id\":\"https:\\\/\\\/www.worldinternationalschool.com\\\/#\\\/schema\\\/logo\\\/image\\\/\",\"url\":\"https:\\\/\\\/worldinternationalschool.com\\\/wp-content\\\/uploads\\\/2017\\\/04\\\/00_logo_color_300x180.png\",\"contentUrl\":\"https:\\\/\\\/worldinternationalschool.com\\\/wp-content\\\/uploads\\\/2017\\\/04\\\/00_logo_color_300x180.png\",\"width\":300,\"height\":180,\"caption\":\"WINS - World International School Torino\"},\"image\":{\"@id\":\"https:\\\/\\\/www.worldinternationalschool.com\\\/#\\\/schema\\\/logo\\\/image\\\/\"},\"sameAs\":[\"https:\\\/\\\/www.facebook.com\\\/WORLDINTERNATIONALSCHOOL\\\/\",\"https:\\\/\\\/it.linkedin.com\\\/company\\\/world-international-school---torino-wins-\",\"https:\\\/\\\/www.youtube.com\\\/channel\\\/UCKwjF7-Lb28C3aVcMxWJReQ\"]}]}<\/script>\n<!-- \/ Yoast SEO plugin. -->","yoast_head_json":{"title":"Whistleblowing - worldinternationalschool","robots":{"index":"index","follow":"follow","max-snippet":"max-snippet:-1","max-image-preview":"max-image-preview:large","max-video-preview":"max-video-preview:-1"},"canonical":"https:\/\/www.worldinternationalschool.com\/en\/whistleblowing\/","og_locale":"en_US","og_type":"article","og_title":"Whistleblowing - worldinternationalschool","og_description":"Procedura per la segnalazione delle violazioni WHISTLEBLOWINGLa presente sezione ha lo scopo di disciplinare la segnalazione di eventuali violazioni delle disposizioni normative nazionali o dell\u2019Unione Europea che ledono l\u2019interesse pubblico o l\u2019integrit\u00e0 di World International School S.p.a., in forma abbreviata Wins S.p.a. (la \u201cSociet\u00e0\u201d), da parte di chiunque ne sia venuto a conoscenza nell\u2019ambito del [&hellip;]","og_url":"https:\/\/www.worldinternationalschool.com\/en\/whistleblowing\/","og_site_name":"worldinternationalschool","article_publisher":"https:\/\/www.facebook.com\/WORLDINTERNATIONALSCHOOL\/","article_modified_time":"2025-03-24T14:05:52+00:00","twitter_card":"summary_large_image","twitter_misc":{"Est. reading time":"2 minutes"},"schema":{"@context":"https:\/\/schema.org","@graph":[{"@type":"WebPage","@id":"https:\/\/www.worldinternationalschool.com\/en\/whistleblowing\/","url":"https:\/\/www.worldinternationalschool.com\/en\/whistleblowing\/","name":"Whistleblowing - worldinternationalschool","isPartOf":{"@id":"https:\/\/www.worldinternationalschool.com\/#website"},"datePublished":"2023-12-12T15:06:07+00:00","dateModified":"2025-03-24T14:05:52+00:00","breadcrumb":{"@id":"https:\/\/www.worldinternationalschool.com\/en\/whistleblowing\/#breadcrumb"},"inLanguage":"en-US","potentialAction":[{"@type":"ReadAction","target":["https:\/\/www.worldinternationalschool.com\/en\/whistleblowing\/"]}]},{"@type":"BreadcrumbList","@id":"https:\/\/www.worldinternationalschool.com\/en\/whistleblowing\/#breadcrumb","itemListElement":[{"@type":"ListItem","position":1,"name":"Home","item":"https:\/\/www.worldinternationalschool.com\/en\/"},{"@type":"ListItem","position":2,"name":"Whistleblowing"}]},{"@type":"WebSite","@id":"https:\/\/www.worldinternationalschool.com\/#website","url":"https:\/\/www.worldinternationalschool.com\/","name":"worldinternationalschool","description":"Scuola Internazionale Torino","publisher":{"@id":"https:\/\/www.worldinternationalschool.com\/#organization"},"potentialAction":[{"@type":"SearchAction","target":{"@type":"EntryPoint","urlTemplate":"https:\/\/www.worldinternationalschool.com\/?s={search_term_string}"},"query-input":{"@type":"PropertyValueSpecification","valueRequired":true,"valueName":"search_term_string"}}],"inLanguage":"en-US"},{"@type":"Organization","@id":"https:\/\/www.worldinternationalschool.com\/#organization","name":"WINS - World International School Torino","url":"https:\/\/www.worldinternationalschool.com\/","logo":{"@type":"ImageObject","inLanguage":"en-US","@id":"https:\/\/www.worldinternationalschool.com\/#\/schema\/logo\/image\/","url":"https:\/\/worldinternationalschool.com\/wp-content\/uploads\/2017\/04\/00_logo_color_300x180.png","contentUrl":"https:\/\/worldinternationalschool.com\/wp-content\/uploads\/2017\/04\/00_logo_color_300x180.png","width":300,"height":180,"caption":"WINS - World International School Torino"},"image":{"@id":"https:\/\/www.worldinternationalschool.com\/#\/schema\/logo\/image\/"},"sameAs":["https:\/\/www.facebook.com\/WORLDINTERNATIONALSCHOOL\/","https:\/\/it.linkedin.com\/company\/world-international-school---torino-wins-","https:\/\/www.youtube.com\/channel\/UCKwjF7-Lb28C3aVcMxWJReQ"]}]}},"_links":{"self":[{"href":"https:\/\/worldinternationalschool.com\/en\/wp-json\/wp\/v2\/pages\/11534","targetHints":{"allow":["GET"]}}],"collection":[{"href":"https:\/\/worldinternationalschool.com\/en\/wp-json\/wp\/v2\/pages"}],"about":[{"href":"https:\/\/worldinternationalschool.com\/en\/wp-json\/wp\/v2\/types\/page"}],"author":[{"embeddable":true,"href":"https:\/\/worldinternationalschool.com\/en\/wp-json\/wp\/v2\/users\/8"}],"replies":[{"embeddable":true,"href":"https:\/\/worldinternationalschool.com\/en\/wp-json\/wp\/v2\/comments?post=11534"}],"version-history":[{"count":2,"href":"https:\/\/worldinternationalschool.com\/en\/wp-json\/wp\/v2\/pages\/11534\/revisions"}],"predecessor-version":[{"id":13016,"href":"https:\/\/worldinternationalschool.com\/en\/wp-json\/wp\/v2\/pages\/11534\/revisions\/13016"}],"wp:attachment":[{"href":"https:\/\/worldinternationalschool.com\/en\/wp-json\/wp\/v2\/media?parent=11534"}],"curies":[{"name":"wp","href":"https:\/\/api.w.org\/{rel}","templated":true}]}}